{"id":5,"date":"2024-10-18T16:13:31","date_gmt":"2024-10-18T14:13:31","guid":{"rendered":"http:\/\/www.christiantellez.com\/?page_id=5"},"modified":"2026-03-17T12:34:11","modified_gmt":"2026-03-17T11:34:11","slug":"accueil","status":"publish","type":"page","link":"https:\/\/www.christiantellez.com\/","title":{"rendered":"Accueil"},"content":{"rendered":"\t\t<div data-elementor-type=\"wp-page\" data-elementor-id=\"5\" class=\"elementor elementor-5\">\n\t\t\t\t<div class=\"elementor-element elementor-element-ef856a5 e-flex e-con-boxed e-con e-parent\" data-id=\"ef856a5\" data-element_type=\"container\">\n\t\t\t\t\t<div class=\"e-con-inner\">\n\t\t\t\t<div class=\"elementor-element elementor-element-4eef01f elementor-widget elementor-widget-heading\" data-id=\"4eef01f\" data-element_type=\"widget\" data-widget_type=\"heading.default\">\n\t\t\t\t<div class=\"elementor-widget-container\">\n\t\t\t<h1 class=\"elementor-heading-title elementor-size-default\">Graphiste print &amp; vid\u00e9o bas\u00e9 sur le secteur de la D\u00e9fense (92)<\/h1>\t\t<\/div>\n\t\t\t\t<\/div>\n\t\t\t\t\t<\/div>\n\t\t\t\t<\/div>\n\t\t<div class=\"elementor-element elementor-element-009d68b e-flex e-con-boxed e-con e-parent\" data-id=\"009d68b\" data-element_type=\"container\">\n\t\t\t\t\t<div class=\"e-con-inner\">\n\t\t\t\t<div class=\"elementor-element elementor-element-213be3b elementor-widget elementor-widget-text-editor\" data-id=\"213be3b\" data-element_type=\"widget\" data-widget_type=\"text-editor.default\">\n\t\t\t\t<div class=\"elementor-widget-container\">\n\t\t\t\t\t\t\t<p>Avec plus de <strong data-start=\"168\" data-end=\"191\">20 ans d\u2019exp\u00e9rience<\/strong> dans le graphisme print et vid\u00e9o, j\u2019accompagne les marques, entreprises et cr\u00e9ateurs dans la conception de supports visuels percutants et adapt\u00e9s \u00e0 leurs besoins. <strong data-start=\"355\" data-end=\"406\">Cr\u00e9atif, autonome et dot\u00e9 d\u2019un fort relationnel<\/strong>, je mets mon expertise au service de vos projets pour donner vie \u00e0 vos id\u00e9es et valoriser votre image.<\/p>\t\t\t\t\t\t<\/div>\n\t\t\t\t<\/div>\n\t\t\t\t\t<\/div>\n\t\t\t\t<\/div>\n\t\t<div class=\"elementor-element elementor-element-1670b9d e-flex e-con-boxed e-con e-parent\" data-id=\"1670b9d\" data-element_type=\"container\">\n\t\t\t\t\t<div class=\"e-con-inner\">\n\t\t<div class=\"elementor-element elementor-element-ee7173a e-con-full e-flex e-con e-child\" data-id=\"ee7173a\" data-element_type=\"container\">\n\t\t\t\t<div class=\"elementor-element elementor-element-7cbd827 elementor-widget elementor-widget-image\" data-id=\"7cbd827\" data-element_type=\"widget\" data-settings=\"{&quot;_animation&quot;:&quot;none&quot;}\" data-widget_type=\"image.default\">\n\t\t\t\t<div class=\"elementor-widget-container\">\n\t\t\t\t\t\t\t\t\t\t\t\t\t\t<a href=\"https:\/\/www.christiantellez.com\/index.php\/\/motion-design\/\">\n\t\t\t\t\t\t\t<img fetchpriority=\"high\" decoding=\"async\" width=\"300\" height=\"800\" src=\"https:\/\/www.christiantellez.com\/wp-content\/uploads\/2025\/02\/Main-page-Video-Christian-Tellez.jpg\" class=\"attachment-large size-large wp-image-149\" alt=\"\" srcset=\"https:\/\/www.christiantellez.com\/wp-content\/uploads\/2025\/02\/Main-page-Video-Christian-Tellez.jpg 300w, https:\/\/www.christiantellez.com\/wp-content\/uploads\/2025\/02\/Main-page-Video-Christian-Tellez-113x300.jpg 113w\" sizes=\"(max-width: 300px) 100vw, 300px\" \/>\t\t\t\t\t\t\t\t<\/a>\n\t\t\t\t\t\t\t\t\t\t\t\t\t<\/div>\n\t\t\t\t<\/div>\n\t\t\t\t<div class=\"elementor-element elementor-element-2e2047a elementor-widget elementor-widget-heading\" data-id=\"2e2047a\" data-element_type=\"widget\" data-widget_type=\"heading.default\">\n\t\t\t\t<div class=\"elementor-widget-container\">\n\t\t\t<h2 class=\"elementor-heading-title elementor-size-default\"><a href=\"https:\/\/www.christiantellez.com\/index.php\/photo\/\">Motion design<\/a><\/h2>\t\t<\/div>\n\t\t\t\t<\/div>\n\t\t\t\t<\/div>\n\t\t<div class=\"elementor-element elementor-element-c093738 e-con-full e-flex e-con e-child\" data-id=\"c093738\" data-element_type=\"container\">\n\t\t\t\t<div class=\"elementor-element elementor-element-4b1c828 elementor-widget elementor-widget-image\" data-id=\"4b1c828\" data-element_type=\"widget\" data-settings=\"{&quot;_animation&quot;:&quot;none&quot;}\" data-widget_type=\"image.default\">\n\t\t\t\t<div class=\"elementor-widget-container\">\n\t\t\t\t\t\t\t\t\t\t\t\t\t\t<a href=\"https:\/\/www.christiantellez.com\/index.php\/graphisme\/\">\n\t\t\t\t\t\t\t<img decoding=\"async\" width=\"300\" height=\"800\" src=\"https:\/\/www.christiantellez.com\/wp-content\/uploads\/2025\/02\/Main-page-Graphisme-Christian-Tellez.jpg\" class=\"attachment-full size-full wp-image-147\" alt=\"\" srcset=\"https:\/\/www.christiantellez.com\/wp-content\/uploads\/2025\/02\/Main-page-Graphisme-Christian-Tellez.jpg 300w, https:\/\/www.christiantellez.com\/wp-content\/uploads\/2025\/02\/Main-page-Graphisme-Christian-Tellez-113x300.jpg 113w\" sizes=\"(max-width: 300px) 100vw, 300px\" \/>\t\t\t\t\t\t\t\t<\/a>\n\t\t\t\t\t\t\t\t\t\t\t\t\t<\/div>\n\t\t\t\t<\/div>\n\t\t\t\t<div class=\"elementor-element elementor-element-8017a7a elementor-widget elementor-widget-heading\" data-id=\"8017a7a\" data-element_type=\"widget\" data-widget_type=\"heading.default\">\n\t\t\t\t<div class=\"elementor-widget-container\">\n\t\t\t<h2 class=\"elementor-heading-title elementor-size-default\"><a href=\"https:\/\/www.christiantellez.com\/index.php\/graphisme\/\">Graphisme<\/a><\/h2>\t\t<\/div>\n\t\t\t\t<\/div>\n\t\t\t\t<\/div>\n\t\t<div class=\"elementor-element elementor-element-fc5afb2 e-con-full e-flex e-con e-child\" data-id=\"fc5afb2\" data-element_type=\"container\">\n\t\t\t\t<div class=\"elementor-element elementor-element-744fa90 elementor-widget elementor-widget-image\" data-id=\"744fa90\" data-element_type=\"widget\" data-settings=\"{&quot;_animation&quot;:&quot;none&quot;}\" data-widget_type=\"image.default\">\n\t\t\t\t<div class=\"elementor-widget-container\">\n\t\t\t\t\t\t\t\t\t\t\t\t\t\t<a href=\"https:\/\/www.christiantellez.com\/index.php\/illustration\/\">\n\t\t\t\t\t\t\t<img decoding=\"async\" width=\"300\" height=\"800\" src=\"https:\/\/www.christiantellez.com\/wp-content\/uploads\/2025\/02\/Main-page-Illustration-Christian-Tellez.jpg\" class=\"attachment-full size-full wp-image-148\" alt=\"\" srcset=\"https:\/\/www.christiantellez.com\/wp-content\/uploads\/2025\/02\/Main-page-Illustration-Christian-Tellez.jpg 300w, https:\/\/www.christiantellez.com\/wp-content\/uploads\/2025\/02\/Main-page-Illustration-Christian-Tellez-113x300.jpg 113w\" sizes=\"(max-width: 300px) 100vw, 300px\" \/>\t\t\t\t\t\t\t\t<\/a>\n\t\t\t\t\t\t\t\t\t\t\t\t\t<\/div>\n\t\t\t\t<\/div>\n\t\t\t\t<div class=\"elementor-element elementor-element-f86fcfe elementor-widget elementor-widget-heading\" data-id=\"f86fcfe\" data-element_type=\"widget\" data-widget_type=\"heading.default\">\n\t\t\t\t<div class=\"elementor-widget-container\">\n\t\t\t<h2 class=\"elementor-heading-title elementor-size-default\"><a href=\"https:\/\/www.christiantellez.com\/index.php\/illustration\/\">Illustration<\/a><\/h2>\t\t<\/div>\n\t\t\t\t<\/div>\n\t\t\t\t<\/div>\n\t\t\t\t\t<\/div>\n\t\t\t\t<\/div>\n\t\t<div class=\"elementor-element elementor-element-886f3ae e-flex e-con-boxed e-con e-parent\" data-id=\"886f3ae\" data-element_type=\"container\">\n\t\t\t\t\t<div class=\"e-con-inner\">\n\t\t\t\t<div class=\"elementor-element elementor-element-7427d4b elementor-widget elementor-widget-spacer\" data-id=\"7427d4b\" data-element_type=\"widget\" data-widget_type=\"spacer.default\">\n\t\t\t\t<div class=\"elementor-widget-container\">\n\t\t\t\t\t<div class=\"elementor-spacer\">\n\t\t\t<div class=\"elementor-spacer-inner\"><\/div>\n\t\t<\/div>\n\t\t\t\t<\/div>\n\t\t\t\t<\/div>\n\t\t\t\t<div class=\"elementor-element elementor-element-d547335 elementor-widget elementor-widget-heading\" data-id=\"d547335\" data-element_type=\"widget\" data-widget_type=\"heading.default\">\n\t\t\t\t<div class=\"elementor-widget-container\">\n\t\t\t<h2 class=\"elementor-heading-title elementor-size-default\">Un parcours riche et diversifi\u00e9 (notamment dans le jeux de soci\u00e9t\u00e9)<\/h2>\t\t<\/div>\n\t\t\t\t<\/div>\n\t\t\t\t\t<\/div>\n\t\t\t\t<\/div>\n\t\t<div class=\"elementor-element elementor-element-a01be99 e-flex e-con-boxed e-con e-parent\" data-id=\"a01be99\" data-element_type=\"container\">\n\t\t\t\t\t<div class=\"e-con-inner\">\n\t\t<div class=\"elementor-element elementor-element-66c787c e-con-full e-flex e-con e-child\" data-id=\"66c787c\" data-element_type=\"container\">\n\t\t\t\t<div class=\"elementor-element elementor-element-987b63e elementor-widget elementor-widget-text-editor\" data-id=\"987b63e\" data-element_type=\"widget\" data-widget_type=\"text-editor.default\">\n\t\t\t\t<div class=\"elementor-widget-container\">\n\t\t\t\t\t\t\t<p data-start=\"556\" data-end=\"897\">Dipl\u00f4m\u00e9 de l\u2019<strong data-start=\"569\" data-end=\"587\">\u00c9cole Estienne<\/strong>, mon parcours m\u2019a men\u00e9 \u00e0 explorer diff\u00e9rentes facettes du graphisme et de la communication visuelle. Pendant plus de <strong data-start=\"705\" data-end=\"750\">10 ans en studio de post-production vid\u00e9o<\/strong>, j\u2019ai affin\u00e9 mon savoir-faire dans l\u2019audiovisuel, en travaillant sur le montage, l\u2019habillage graphique et la mise en valeur des contenus anim\u00e9s.<\/p><p data-start=\"899\" data-end=\"1101\">Par la suite, j\u2019ai \u00e9volu\u00e9 dans le secteur des <strong data-start=\"945\" data-end=\"964\">jeux de soci\u00e9t\u00e9<\/strong>, o\u00f9 j\u2019ai con\u00e7u des supports print et r\u00e9alis\u00e9 du marketing vid\u00e9o, alliant storytelling et dynamisme visuel pour captiver les audiences.<\/p>\t\t\t\t\t\t<\/div>\n\t\t\t\t<\/div>\n\t\t\t\t<\/div>\n\t\t<div class=\"elementor-element elementor-element-fe68a38 e-con-full e-flex e-con e-child\" data-id=\"fe68a38\" data-element_type=\"container\">\n\t\t\t\t<div class=\"elementor-element elementor-element-3755bf2 elementor-widget elementor-widget-heading\" data-id=\"3755bf2\" data-element_type=\"widget\" data-widget_type=\"heading.default\">\n\t\t\t\t<div class=\"elementor-widget-container\">\n\t\t\t<h2 class=\"elementor-heading-title elementor-size-default\">Overview du jeu de soci\u00e9t\u00e9 Raptor<\/h2>\t\t<\/div>\n\t\t\t\t<\/div>\n\t\t\t\t<div class=\"elementor-element elementor-element-e71b6eb elementor-widget elementor-widget-video\" data-id=\"e71b6eb\" data-element_type=\"widget\" data-settings=\"{&quot;youtube_url&quot;:&quot;https:\\\/\\\/www.youtube.com\\\/watch?v=cVoqUU1ZC4Q&quot;,&quot;video_type&quot;:&quot;youtube&quot;,&quot;controls&quot;:&quot;yes&quot;}\" data-widget_type=\"video.default\">\n\t\t\t\t<div class=\"elementor-widget-container\">\n\t\t\t\t\t<div class=\"elementor-wrapper elementor-open-inline\">\n\t\t\t<div class=\"elementor-video\"><\/div>\t\t<\/div>\n\t\t\t\t<\/div>\n\t\t\t\t<\/div>\n\t\t\t\t<\/div>\n\t\t\t\t\t<\/div>\n\t\t\t\t<\/div>\n\t\t<div class=\"elementor-element elementor-element-f2a2060 e-flex e-con-boxed e-con e-parent\" data-id=\"f2a2060\" data-element_type=\"container\">\n\t\t\t\t\t<div class=\"e-con-inner\">\n\t\t\t\t<div class=\"elementor-element elementor-element-d92f844 elementor-widget elementor-widget-heading\" data-id=\"d92f844\" data-element_type=\"widget\" data-widget_type=\"heading.default\">\n\t\t\t\t<div class=\"elementor-widget-container\">\n\t\t\t<h2 class=\"elementor-heading-title elementor-size-default\">Freelance depuis 10 ans \u2013 Un accompagnement sur mesure<\/h2>\t\t<\/div>\n\t\t\t\t<\/div>\n\t\t\t\t\t<\/div>\n\t\t\t\t<\/div>\n\t\t<div class=\"elementor-element elementor-element-06a7b98 e-flex e-con-boxed e-con e-parent\" data-id=\"06a7b98\" data-element_type=\"container\">\n\t\t\t\t\t<div class=\"e-con-inner\">\n\t\t\t\t<div class=\"elementor-element elementor-element-e1da096 elementor-widget elementor-widget-text-editor\" data-id=\"e1da096\" data-element_type=\"widget\" data-widget_type=\"text-editor.default\">\n\t\t\t\t<div class=\"elementor-widget-container\">\n\t\t\t\t\t\t\t<h3 data-start=\"1103\" data-end=\"1167\">\u00a0<\/h3><p data-start=\"1169\" data-end=\"1563\">Depuis <strong data-start=\"1176\" data-end=\"1199\">10 ans en freelance<\/strong>, j\u2019ai d\u00e9velopp\u00e9 une approche souple et personnalis\u00e9e, adapt\u00e9e aux besoins sp\u00e9cifiques de chaque client. Que ce soit pour du <strong data-start=\"1324\" data-end=\"1383\">print (identit\u00e9 visuelle, packaging, affiches, \u00e9dition)<\/strong> ou du <strong data-start=\"1390\" data-end=\"1450\">contenu vid\u00e9o (motion design, montage, teaser marketing)<\/strong>, mon objectif est toujours le m\u00eame : cr\u00e9er des visuels impactants qui transmettent efficacement votre message.<\/p><p data-start=\"1565\" data-end=\"1786\">Chaque projet est une collaboration, et j\u2019attache une grande importance \u00e0 <strong data-start=\"1639\" data-end=\"1690\">l\u2019\u00e9change et \u00e0 la compr\u00e9hension de vos attentes<\/strong>. Mon r\u00f4le est de traduire votre vision en une communication visuelle coh\u00e9rente et attrayante.<\/p>\t\t\t\t\t\t<\/div>\n\t\t\t\t<\/div>\n\t\t\t\t\t<\/div>\n\t\t\t\t<\/div>\n\t\t<div class=\"elementor-element elementor-element-59d4234 e-flex e-con-boxed e-con e-parent\" data-id=\"59d4234\" data-element_type=\"container\">\n\t\t\t\t\t<div class=\"e-con-inner\">\n\t\t\t\t<div class=\"elementor-element elementor-element-c8a3be9 elementor-widget elementor-widget-heading\" data-id=\"c8a3be9\" data-element_type=\"widget\" data-widget_type=\"heading.default\">\n\t\t\t\t<div class=\"elementor-widget-container\">\n\t\t\t<h2 class=\"elementor-heading-title elementor-size-default\">Travaillons ensemble !<\/h2>\t\t<\/div>\n\t\t\t\t<\/div>\n\t\t\t\t\t<\/div>\n\t\t\t\t<\/div>\n\t\t<div class=\"elementor-element elementor-element-97a2a4d e-flex e-con-boxed e-con e-parent\" data-id=\"97a2a4d\" data-element_type=\"container\">\n\t\t\t\t\t<div class=\"e-con-inner\">\n\t\t\t\t<div class=\"elementor-element elementor-element-497649f elementor-widget elementor-widget-text-editor\" data-id=\"497649f\" data-element_type=\"widget\" data-widget_type=\"text-editor.default\">\n\t\t\t\t<div class=\"elementor-widget-container\">\n\t\t\t\t\t\t\t<p data-start=\"1822\" data-end=\"2012\">Que vous soyez une entreprise, un \u00e9diteur de jeux, une agence ou un cr\u00e9ateur ind\u00e9pendant, je suis \u00e0 votre disposition pour discuter de votre projet et vous proposer des solutions adapt\u00e9es.<\/p><p data-start=\"2014\" data-end=\"2134\"><a href=\"https:\/\/www.christiantellez.com\/index.php\/contact\/\">\ud83d\udce9 <strong data-start=\"2017\" data-end=\"2034\">Contactez-moi<\/strong><\/a> pour donner vie \u00e0 vos id\u00e9es et faire la diff\u00e9rence avec des visuels professionnels et impactants.<\/p>\t\t\t\t\t\t<\/div>\n\t\t\t\t<\/div>\n\t\t\t\t\t<\/div>\n\t\t\t\t<\/div>\n\t\t<div class=\"elementor-element elementor-element-1eaa97c e-flex e-con-boxed e-con e-parent\" data-id=\"1eaa97c\" data-element_type=\"container\">\n\t\t\t\t\t<div class=\"e-con-inner\">\n\t\t\t\t<div class=\"elementor-element elementor-element-e07d8b2 elementor-widget elementor-widget-button\" data-id=\"e07d8b2\" data-element_type=\"widget\" data-widget_type=\"button.default\">\n\t\t\t\t<div class=\"elementor-widget-container\">\n\t\t\t\t\t<div class=\"elementor-button-wrapper\">\n\t\t\t<a class=\"elementor-button elementor-button-link elementor-size-sm\" href=\"https:\/\/www.christiantellez.com\/index.php\/contact\/\">\n\t\t\t\t\t\t<span class=\"elementor-button-content-wrapper\">\n\t\t\t\t\t\t\t\t\t<span class=\"elementor-button-text\">C'est par ici<\/span>\n\t\t\t\t\t<\/span>\n\t\t\t\t\t<\/a>\n\t\t<\/div>\n\t\t\t\t<\/div>\n\t\t\t\t<\/div>\n\t\t\t\t\t<\/div>\n\t\t\t\t<\/div>\n\t\t\t\t<\/div>\n\t\t","protected":false},"excerpt":{"rendered":"<p>Graphiste print &amp; vid\u00e9o bas\u00e9 sur le secteur de la D\u00e9fense (92) Avec plus de 20 ans d\u2019exp\u00e9rience dans le graphisme print et vid\u00e9o, j\u2019accompagne<span class=\"more-button\"><a href=\"https:\/\/www.christiantellez.com\/\" class=\"more-link\">Continue reading<span class=\"screen-reader-text\">Accueil<\/span><\/a><\/a><\/p>\n","protected":false},"author":1,"featured_media":0,"parent":0,"menu_order":0,"comment_status":"closed","ping_status":"closed","template":"elementor_header_footer","meta":{"footnotes":""},"class_list":["post-5","page","type-page","status-publish","hentry"],"_links":{"self":[{"href":"https:\/\/www.christiantellez.com\/index.php\/wp-json\/wp\/v2\/pages\/5","targetHints":{"allow":["GET"]}}],"collection":[{"href":"https:\/\/www.christiantellez.com\/index.php\/wp-json\/wp\/v2\/pages"}],"about":[{"href":"https:\/\/www.christiantellez.com\/index.php\/wp-json\/wp\/v2\/types\/page"}],"author":[{"embeddable":true,"href":"https:\/\/www.christiantellez.com\/index.php\/wp-json\/wp\/v2\/users\/1"}],"replies":[{"embeddable":true,"href":"https:\/\/www.christiantellez.com\/index.php\/wp-json\/wp\/v2\/comments?post=5"}],"version-history":[{"count":86,"href":"https:\/\/www.christiantellez.com\/index.php\/wp-json\/wp\/v2\/pages\/5\/revisions"}],"predecessor-version":[{"id":454,"href":"https:\/\/www.christiantellez.com\/index.php\/wp-json\/wp\/v2\/pages\/5\/revisions\/454"}],"wp:attachment":[{"href":"https:\/\/www.christiantellez.com\/index.php\/wp-json\/wp\/v2\/media?parent=5"}],"curies":[{"name":"wp","href":"https:\/\/api.w.org\/{rel}","templated":true}]}}