{"id":16,"date":"2024-10-18T16:18:03","date_gmt":"2024-10-18T14:18:03","guid":{"rendered":"http:\/\/www.christiantellez.com\/?page_id=16"},"modified":"2025-03-07T17:42:53","modified_gmt":"2025-03-07T16:42:53","slug":"motion-design","status":"publish","type":"page","link":"https:\/\/www.christiantellez.com\/index.php\/motion-design\/","title":{"rendered":"Motion Design"},"content":{"rendered":"\t\t<div data-elementor-type=\"wp-page\" data-elementor-id=\"16\" class=\"elementor elementor-16\">\n\t\t\t\t<div class=\"elementor-element elementor-element-f7464dd e-flex e-con-boxed e-con e-parent\" data-id=\"f7464dd\" data-element_type=\"container\" data-e-type=\"container\">\n\t\t\t\t\t<div class=\"e-con-inner\">\n\t\t\t\t<div class=\"elementor-element elementor-element-97b8d50 elementor-widget elementor-widget-heading\" data-id=\"97b8d50\" data-element_type=\"widget\" data-e-type=\"widget\" data-widget_type=\"heading.default\">\n\t\t\t\t<div class=\"elementor-widget-container\">\n\t\t\t\t\t<h2 class=\"elementor-heading-title elementor-size-default\">Animations et motion design : \nCr\u00e9ation d\u2019animations vid\u00e9o sur mesure<\/h2>\t\t\t\t<\/div>\n\t\t\t\t<\/div>\n\t\t\t\t\t<\/div>\n\t\t\t\t<\/div>\n\t\t<div class=\"elementor-element elementor-element-edeb387 e-flex e-con-boxed e-con e-parent\" data-id=\"edeb387\" data-element_type=\"container\" data-e-type=\"container\">\n\t\t\t\t\t<div class=\"e-con-inner\">\n\t\t\t\t<div class=\"elementor-element elementor-element-8164f93 elementor-widget elementor-widget-text-editor\" data-id=\"8164f93\" data-element_type=\"widget\" data-e-type=\"widget\" data-widget_type=\"text-editor.default\">\n\t\t\t\t<div class=\"elementor-widget-container\">\n\t\t\t\t\t\t\t\t\t<p data-start=\"68\" data-end=\"112\">D\u00e9couvrez mon univers en motion design. Bienvenue dans mon espace d\u00e9di\u00e9 au <strong data-start=\"149\" data-end=\"193\">motion design et \u00e0 l\u2019habillage graphique<\/strong>. \u00c0 travers cette s\u00e9lection de projets, je vous invite \u00e0 d\u00e9couvrir un aper\u00e7u de mon travail, o\u00f9 <strong data-start=\"289\" data-end=\"322\">animation et design graphique<\/strong> se rencontrent pour donner vie aux id\u00e9es.<\/p>\t\t\t\t\t\t\t\t<\/div>\n\t\t\t\t<\/div>\n\t\t\t\t\t<\/div>\n\t\t\t\t<\/div>\n\t\t<div class=\"elementor-element elementor-element-f5bc1fa e-flex e-con-boxed e-con e-parent\" data-id=\"f5bc1fa\" data-element_type=\"container\" data-e-type=\"container\">\n\t\t\t\t\t<div class=\"e-con-inner\">\n\t\t<div class=\"elementor-element elementor-element-81ca641 e-con-full e-flex e-con e-child\" data-id=\"81ca641\" data-element_type=\"container\" data-e-type=\"container\">\n\t\t\t\t<div class=\"elementor-element elementor-element-f006e11 elementor-widget elementor-widget-video\" data-id=\"f006e11\" data-element_type=\"widget\" data-e-type=\"widget\" data-settings=\"{&quot;youtube_url&quot;:&quot;https:\\\/\\\/youtu.be\\\/MlpqL5NVtI0?si=Js-Tqk_Yd2FcnftA&quot;,&quot;video_type&quot;:&quot;youtube&quot;,&quot;controls&quot;:&quot;yes&quot;}\" data-widget_type=\"video.default\">\n\t\t\t\t<div class=\"elementor-widget-container\">\n\t\t\t\t\t\t\t<div class=\"elementor-wrapper elementor-open-inline\">\n\t\t\t<div class=\"elementor-video\"><\/div>\t\t<\/div>\n\t\t\t\t\t\t<\/div>\n\t\t\t\t<\/div>\n\t\t\t\t<\/div>\n\t\t<div class=\"elementor-element elementor-element-bf249ae e-con-full e-flex e-con e-child\" data-id=\"bf249ae\" data-element_type=\"container\" data-e-type=\"container\">\n\t\t\t\t<div class=\"elementor-element elementor-element-65be811 elementor-widget elementor-widget-video\" data-id=\"65be811\" data-element_type=\"widget\" data-e-type=\"widget\" data-settings=\"{&quot;youtube_url&quot;:&quot;https:\\\/\\\/youtu.be\\\/cVoqUU1ZC4Q&quot;,&quot;video_type&quot;:&quot;youtube&quot;,&quot;controls&quot;:&quot;yes&quot;}\" data-widget_type=\"video.default\">\n\t\t\t\t<div class=\"elementor-widget-container\">\n\t\t\t\t\t\t\t<div class=\"elementor-wrapper elementor-open-inline\">\n\t\t\t<div class=\"elementor-video\"><\/div>\t\t<\/div>\n\t\t\t\t\t\t<\/div>\n\t\t\t\t<\/div>\n\t\t\t\t<\/div>\n\t\t<div class=\"elementor-element elementor-element-325e964 e-con-full e-flex e-con e-child\" data-id=\"325e964\" data-element_type=\"container\" data-e-type=\"container\">\n\t\t\t\t<div class=\"elementor-element elementor-element-d8672c4 elementor-widget elementor-widget-video\" data-id=\"d8672c4\" data-element_type=\"widget\" data-e-type=\"widget\" data-settings=\"{&quot;youtube_url&quot;:&quot;https:\\\/\\\/youtu.be\\\/UMx5SSUQYWI&quot;,&quot;video_type&quot;:&quot;youtube&quot;,&quot;controls&quot;:&quot;yes&quot;}\" data-widget_type=\"video.default\">\n\t\t\t\t<div class=\"elementor-widget-container\">\n\t\t\t\t\t\t\t<div class=\"elementor-wrapper elementor-open-inline\">\n\t\t\t<div class=\"elementor-video\"><\/div>\t\t<\/div>\n\t\t\t\t\t\t<\/div>\n\t\t\t\t<\/div>\n\t\t\t\t<\/div>\n\t\t<div class=\"elementor-element elementor-element-22091a3 e-con-full e-flex e-con e-child\" data-id=\"22091a3\" data-element_type=\"container\" data-e-type=\"container\">\n\t\t\t\t<div class=\"elementor-element elementor-element-d66a8d6 elementor-widget elementor-widget-video\" data-id=\"d66a8d6\" data-element_type=\"widget\" data-e-type=\"widget\" data-settings=\"{&quot;youtube_url&quot;:&quot;https:\\\/\\\/youtu.be\\\/v8f6wIf9Av8&quot;,&quot;video_type&quot;:&quot;youtube&quot;,&quot;controls&quot;:&quot;yes&quot;}\" data-widget_type=\"video.default\">\n\t\t\t\t<div class=\"elementor-widget-container\">\n\t\t\t\t\t\t\t<div class=\"elementor-wrapper elementor-open-inline\">\n\t\t\t<div class=\"elementor-video\"><\/div>\t\t<\/div>\n\t\t\t\t\t\t<\/div>\n\t\t\t\t<\/div>\n\t\t\t\t<\/div>\n\t\t\t\t\t<\/div>\n\t\t\t\t<\/div>\n\t\t<div class=\"elementor-element elementor-element-5b005c5 e-flex e-con-boxed e-con e-parent\" data-id=\"5b005c5\" data-element_type=\"container\" data-e-type=\"container\">\n\t\t\t\t\t<div class=\"e-con-inner\">\n\t\t\t\t<div class=\"elementor-element elementor-element-ef75653 elementor-widget elementor-widget-text-editor\" data-id=\"ef75653\" data-element_type=\"widget\" data-e-type=\"widget\" data-widget_type=\"text-editor.default\">\n\t\t\t\t<div class=\"elementor-widget-container\">\n\t\t\t\t\t\t\t\t\t<p data-start=\"114\" data-end=\"366\">Que ce soit pour du <strong data-start=\"388\" data-end=\"480\">branding anim\u00e9, des g\u00e9n\u00e9riques, des infographies dynamiques ou des animations sur mesure<\/strong>, chaque cr\u00e9ation est pens\u00e9e pour capter l\u2019attention et transmettre un message de fa\u00e7on fluide et percutante.<\/p><p data-start=\"593\" data-end=\"674\">Explorez mon travail et plongez dans un univers o\u00f9 l\u2019image prend du mouvement !<\/p>\t\t\t\t\t\t\t\t<\/div>\n\t\t\t\t<\/div>\n\t\t\t\t\t<\/div>\n\t\t\t\t<\/div>\n\t\t\t\t<\/div>\n\t\t","protected":false},"excerpt":{"rendered":"<p>Animations et motion design : Cr\u00e9ation d\u2019animations vid\u00e9o sur mesure D\u00e9couvrez mon univers en motion design. Bienvenue dans mon espace d\u00e9di\u00e9 au motion design et<span class=\"more-button\"><a href=\"https:\/\/www.christiantellez.com\/index.php\/motion-design\/\" class=\"more-link\">Continue reading<span class=\"screen-reader-text\">Motion Design<\/span><\/a><\/a><\/p>\n","protected":false},"author":1,"featured_media":0,"parent":0,"menu_order":0,"comment_status":"closed","ping_status":"closed","template":"elementor_header_footer","meta":{"footnotes":""},"class_list":["post-16","page","type-page","status-publish","hentry"],"_links":{"self":[{"href":"https:\/\/www.christiantellez.com\/index.php\/wp-json\/wp\/v2\/pages\/16","targetHints":{"allow":["GET"]}}],"collection":[{"href":"https:\/\/www.christiantellez.com\/index.php\/wp-json\/wp\/v2\/pages"}],"about":[{"href":"https:\/\/www.christiantellez.com\/index.php\/wp-json\/wp\/v2\/types\/page"}],"author":[{"embeddable":true,"href":"https:\/\/www.christiantellez.com\/index.php\/wp-json\/wp\/v2\/users\/1"}],"replies":[{"embeddable":true,"href":"https:\/\/www.christiantellez.com\/index.php\/wp-json\/wp\/v2\/comments?post=16"}],"version-history":[{"count":24,"href":"https:\/\/www.christiantellez.com\/index.php\/wp-json\/wp\/v2\/pages\/16\/revisions"}],"predecessor-version":[{"id":270,"href":"https:\/\/www.christiantellez.com\/index.php\/wp-json\/wp\/v2\/pages\/16\/revisions\/270"}],"wp:attachment":[{"href":"https:\/\/www.christiantellez.com\/index.php\/wp-json\/wp\/v2\/media?parent=16"}],"curies":[{"name":"wp","href":"https:\/\/api.w.org\/{rel}","templated":true}]}}