{"id":14,"date":"2024-10-18T16:17:54","date_gmt":"2024-10-18T14:17:54","guid":{"rendered":"http:\/\/www.christiantellez.com\/?page_id=14"},"modified":"2025-02-25T12:25:02","modified_gmt":"2025-02-25T11:25:02","slug":"graphisme","status":"publish","type":"page","link":"https:\/\/www.christiantellez.com\/index.php\/graphisme\/","title":{"rendered":"Graphisme"},"content":{"rendered":"\t\t<div data-elementor-type=\"wp-page\" data-elementor-id=\"14\" class=\"elementor elementor-14\">\n\t\t\t\t<div class=\"elementor-element elementor-element-30b9a03 e-flex e-con-boxed e-con e-parent\" data-id=\"30b9a03\" data-element_type=\"container\">\n\t\t\t\t\t<div class=\"e-con-inner\">\n\t\t\t\t<div class=\"elementor-element elementor-element-838d624 elementor-widget elementor-widget-heading\" data-id=\"838d624\" data-element_type=\"widget\" data-widget_type=\"heading.default\">\n\t\t\t\t<div class=\"elementor-widget-container\">\n\t\t\t<h2 class=\"elementor-heading-title elementor-size-default\">Un design graphique unique pour \u00e9merveiller enfants et adultes<\/h2>\t\t<\/div>\n\t\t\t\t<\/div>\n\t\t\t\t\t<\/div>\n\t\t\t\t<\/div>\n\t\t<div class=\"elementor-element elementor-element-70f8ac3 e-flex e-con-boxed e-con e-parent\" data-id=\"70f8ac3\" data-element_type=\"container\">\n\t\t\t\t\t<div class=\"e-con-inner\">\n\t\t\t\t<div class=\"elementor-element elementor-element-1dfe326 elementor-widget elementor-widget-text-editor\" data-id=\"1dfe326\" data-element_type=\"widget\" data-widget_type=\"text-editor.default\">\n\t\t\t\t<div class=\"elementor-widget-container\">\n\t\t\t\t\t\t\t<p>Passionn\u00e9 par l\u2019univers du jeu de soci\u00e9t\u00e9 et de la papeterie, je con\u00e7ois des visuels uniques et percutants, adapt\u00e9s aux besoins de la papeterie et du jeu de soci\u00e9t\u00e9. Mon objectif : donner vie \u00e0 des designs color\u00e9s, ludiques et attractifs qui captivent petits et grands. Que ce soit pour des illustrations, des packagings ou des identit\u00e9s visuelles, chaque projet est pens\u00e9 avec cr\u00e9ativit\u00e9 et sens du d\u00e9tail. D\u00e9couvrez mes r\u00e9alisations ci-dessous !<\/p>\t\t\t\t\t\t<\/div>\n\t\t\t\t<\/div>\n\t\t\t\t\t<\/div>\n\t\t\t\t<\/div>\n\t\t<div class=\"elementor-element elementor-element-5b56895 e-flex e-con-boxed e-con e-parent\" data-id=\"5b56895\" data-element_type=\"container\">\n\t\t\t\t\t<div class=\"e-con-inner\">\n\t\t\t\t<div class=\"elementor-element elementor-element-c1a5a77 elementor-widget__width-initial elementor-arrows-position-inside elementor-widget elementor-widget-image-carousel\" data-id=\"c1a5a77\" data-element_type=\"widget\" data-settings=\"{&quot;slides_to_show&quot;:&quot;1&quot;,&quot;navigation&quot;:&quot;arrows&quot;,&quot;autoplay&quot;:&quot;yes&quot;,&quot;pause_on_hover&quot;:&quot;yes&quot;,&quot;pause_on_interaction&quot;:&quot;yes&quot;,&quot;autoplay_speed&quot;:5000,&quot;infinite&quot;:&quot;yes&quot;,&quot;effect&quot;:&quot;slide&quot;,&quot;speed&quot;:500}\" data-widget_type=\"image-carousel.default\">\n\t\t\t\t<div class=\"elementor-widget-container\">\n\t\t\t\t\t<div class=\"elementor-image-carousel-wrapper swiper\" dir=\"ltr\">\n\t\t\t<div class=\"elementor-image-carousel swiper-wrapper\" aria-live=\"off\">\n\t\t\t\t\t\t\t\t<div class=\"swiper-slide\" role=\"group\" aria-roledescription=\"slide\" aria-label=\"1 of 7\"><figure class=\"swiper-slide-inner\"><img decoding=\"async\" class=\"swiper-slide-image\" src=\"https:\/\/www.christiantellez.com\/wp-content\/uploads\/2025\/02\/Caroussel-Ticky-Tacky-Graphisme-Christian-Tellez03-1.jpg\" alt=\"\" \/><\/figure><\/div><div class=\"swiper-slide\" role=\"group\" aria-roledescription=\"slide\" aria-label=\"2 of 7\"><figure class=\"swiper-slide-inner\"><img decoding=\"async\" class=\"swiper-slide-image\" src=\"https:\/\/www.christiantellez.com\/wp-content\/uploads\/2025\/02\/Caroussel-Ticky-Tacky-Graphisme-Christian-Tellez04-1.jpg\" alt=\"\" \/><\/figure><\/div><div class=\"swiper-slide\" role=\"group\" aria-roledescription=\"slide\" aria-label=\"3 of 7\"><figure class=\"swiper-slide-inner\"><img decoding=\"async\" class=\"swiper-slide-image\" src=\"https:\/\/www.christiantellez.com\/wp-content\/uploads\/2025\/02\/Caroussel-Ticky-Tacky-Graphisme-Christian-Tellez02-1.jpg\" alt=\"\" \/><\/figure><\/div><div class=\"swiper-slide\" role=\"group\" aria-roledescription=\"slide\" aria-label=\"4 of 7\"><figure class=\"swiper-slide-inner\"><img decoding=\"async\" class=\"swiper-slide-image\" src=\"https:\/\/www.christiantellez.com\/wp-content\/uploads\/2025\/02\/Caroussel-Ticky-Tacky-Graphisme-Christian-Tellez01-1.jpg\" alt=\"\" \/><\/figure><\/div><div class=\"swiper-slide\" role=\"group\" aria-roledescription=\"slide\" aria-label=\"5 of 7\"><figure class=\"swiper-slide-inner\"><img decoding=\"async\" class=\"swiper-slide-image\" src=\"https:\/\/www.christiantellez.com\/wp-content\/uploads\/2025\/02\/Caroussel-Ticky-Tacky-Graphisme-Christian-Tellez05-1.jpg\" alt=\"\" \/><\/figure><\/div><div class=\"swiper-slide\" role=\"group\" aria-roledescription=\"slide\" aria-label=\"6 of 7\"><figure class=\"swiper-slide-inner\"><img decoding=\"async\" class=\"swiper-slide-image\" src=\"https:\/\/www.christiantellez.com\/wp-content\/uploads\/2025\/02\/Caroussel-Ticky-Tacky-Graphisme-Christian-Tellez06-1.jpg\" alt=\"\" \/><\/figure><\/div><div class=\"swiper-slide\" role=\"group\" aria-roledescription=\"slide\" aria-label=\"7 of 7\"><figure class=\"swiper-slide-inner\"><img decoding=\"async\" class=\"swiper-slide-image\" src=\"https:\/\/www.christiantellez.com\/wp-content\/uploads\/2025\/02\/Caroussel-Ticky-Tacky-Graphisme-Christian-Tellez07-1.jpg\" alt=\"\" \/><\/figure><\/div>\t\t\t<\/div>\n\t\t\t\t\t\t\t\t\t\t\t\t<div class=\"elementor-swiper-button elementor-swiper-button-prev\" role=\"button\" tabindex=\"0\">\n\t\t\t\t\t\t<svg aria-hidden=\"true\" class=\"e-font-icon-svg e-eicon-chevron-left\" viewBox=\"0 0 1000 1000\" xmlns=\"http:\/\/www.w3.org\/2000\/svg\"><path d=\"M646 125C629 125 613 133 604 142L308 442C296 454 292 471 292 487 292 504 296 521 308 533L604 854C617 867 629 875 646 875 663 875 679 871 692 858 704 846 713 829 713 812 713 796 708 779 692 767L438 487 692 225C700 217 708 204 708 187 708 171 704 154 692 142 675 129 663 125 646 125Z\"><\/path><\/svg>\t\t\t\t\t<\/div>\n\t\t\t\t\t<div class=\"elementor-swiper-button elementor-swiper-button-next\" role=\"button\" tabindex=\"0\">\n\t\t\t\t\t\t<svg aria-hidden=\"true\" class=\"e-font-icon-svg e-eicon-chevron-right\" viewBox=\"0 0 1000 1000\" xmlns=\"http:\/\/www.w3.org\/2000\/svg\"><path d=\"M696 533C708 521 713 504 713 487 713 471 708 454 696 446L400 146C388 133 375 125 354 125 338 125 325 129 313 142 300 154 292 171 292 187 292 204 296 221 308 233L563 492 304 771C292 783 288 800 288 817 288 833 296 850 308 863 321 871 338 875 354 875 371 875 388 867 400 854L696 533Z\"><\/path><\/svg>\t\t\t\t\t<\/div>\n\t\t\t\t\n\t\t\t\t\t\t\t\t\t<\/div>\n\t\t\t\t<\/div>\n\t\t\t\t<\/div>\n\t\t\t\t<div class=\"elementor-element elementor-element-b8831d9 elementor-widget elementor-widget-text-editor\" data-id=\"b8831d9\" data-element_type=\"widget\" data-widget_type=\"text-editor.default\">\n\t\t\t\t<div class=\"elementor-widget-container\">\n\t\t\t\t\t\t\t<p>Photos \u00a9 <a href=\"https:\/\/www.agnescolombo.com\/\">Agn\u00e8s Colombo<\/a><\/p>\t\t\t\t\t\t<\/div>\n\t\t\t\t<\/div>\n\t\t\t\t\t<\/div>\n\t\t\t\t<\/div>\n\t\t<div class=\"elementor-element elementor-element-ccf2c08 e-flex e-con-boxed e-con e-parent\" data-id=\"ccf2c08\" data-element_type=\"container\">\n\t\t\t\t\t<div class=\"e-con-inner\">\n\t\t\t\t<div class=\"elementor-element elementor-element-73d293b elementor-widget elementor-widget-heading\" data-id=\"73d293b\" data-element_type=\"widget\" data-widget_type=\"heading.default\">\n\t\t\t\t<div class=\"elementor-widget-container\">\n\t\t\t<h2 class=\"elementor-heading-title elementor-size-default\">Un graphisme ludique et color\u00e9 : id\u00e9al pour des cartes d'anniversaire<\/h2>\t\t<\/div>\n\t\t\t\t<\/div>\n\t\t\t\t\t<\/div>\n\t\t\t\t<\/div>\n\t\t<div class=\"elementor-element elementor-element-9ff7c87 e-flex e-con-boxed e-con e-parent\" data-id=\"9ff7c87\" data-element_type=\"container\">\n\t\t\t\t\t<div class=\"e-con-inner\">\n\t\t\t\t<div class=\"elementor-element elementor-element-9519351 elementor-widget elementor-widget-text-editor\" data-id=\"9519351\" data-element_type=\"widget\" data-widget_type=\"text-editor.default\">\n\t\t\t\t<div class=\"elementor-widget-container\">\n\t\t\t\t\t\t\t<p data-start=\"154\" data-end=\"695\">Les cartes d\u2019anniversaire sont bien plus qu\u2019un simple message : elles cr\u00e9ent des souvenirs et apportent de la joie aux enfants. Sp\u00e9cialis\u00e9 dans le design de papeterie pour enfant, je con\u00e7ois des visuels p\u00e9tillants et pleins de fantaisie pour des cartes uniques et m\u00e9morables. Couleurs vives, illustrations amusantes et typographies dynamiques : chaque cr\u00e9ation est pens\u00e9e pour \u00e9merveiller petits et grands. Que ce soit pour une carte personnalis\u00e9e ou une collection compl\u00e8te, mon objectif est de donner vie \u00e0 des designs joyeux et festifs.<\/p><p data-start=\"697\" data-end=\"779\">D\u00e9couvrez mes r\u00e9alisations et apportez une touche magique aux anniversaires ! \ud83c\udf89<\/p>\t\t\t\t\t\t<\/div>\n\t\t\t\t<\/div>\n\t\t\t\t\t<\/div>\n\t\t\t\t<\/div>\n\t\t<div class=\"elementor-element elementor-element-efa1a39 e-flex e-con-boxed e-con e-parent\" data-id=\"efa1a39\" data-element_type=\"container\">\n\t\t\t\t\t<div class=\"e-con-inner\">\n\t\t\t\t<div class=\"elementor-element elementor-element-058cd88 elementor-widget elementor-widget-image-gallery\" data-id=\"058cd88\" data-element_type=\"widget\" data-widget_type=\"image-gallery.default\">\n\t\t\t\t<div class=\"elementor-widget-container\">\n\t\t\t\t\t<div class=\"elementor-image-gallery\">\n\t\t\t<div id='gallery-1' class='gallery galleryid-14 gallery-columns-4 gallery-size-full'><figure class='gallery-item'>\n\t\t\t<div class='gallery-icon portrait'>\n\t\t\t\t<a data-elementor-open-lightbox=\"yes\" data-elementor-lightbox-slideshow=\"058cd88\" data-elementor-lightbox-title=\"Cartes-anniversaires-Dino-1\" data-e-action-hash=\"#elementor-action%3Aaction%3Dlightbox%26settings%3DeyJpZCI6MTYzLCJ1cmwiOiJodHRwczpcL1wvd3d3LmNocmlzdGlhbnRlbGxlei5jb21cL3dwLWNvbnRlbnRcL3VwbG9hZHNcLzIwMjVcLzAyXC9DYXJ0ZXMtYW5uaXZlcnNhaXJlcy1EaW5vLTEuanBnIiwic2xpZGVzaG93IjoiMDU4Y2Q4OCJ9\" href='https:\/\/www.christiantellez.com\/wp-content\/uploads\/2025\/02\/Cartes-anniversaires-Dino-1.jpg'><img fetchpriority=\"high\" decoding=\"async\" width=\"1181\" height=\"1771\" src=\"https:\/\/www.christiantellez.com\/wp-content\/uploads\/2025\/02\/Cartes-anniversaires-Dino-1.jpg\" class=\"attachment-full size-full\" alt=\"\" srcset=\"https:\/\/www.christiantellez.com\/wp-content\/uploads\/2025\/02\/Cartes-anniversaires-Dino-1.jpg 1181w, https:\/\/www.christiantellez.com\/wp-content\/uploads\/2025\/02\/Cartes-anniversaires-Dino-1-200x300.jpg 200w, https:\/\/www.christiantellez.com\/wp-content\/uploads\/2025\/02\/Cartes-anniversaires-Dino-1-683x1024.jpg 683w, https:\/\/www.christiantellez.com\/wp-content\/uploads\/2025\/02\/Cartes-anniversaires-Dino-1-768x1152.jpg 768w, https:\/\/www.christiantellez.com\/wp-content\/uploads\/2025\/02\/Cartes-anniversaires-Dino-1-1024x1536.jpg 1024w\" sizes=\"(max-width: 1181px) 100vw, 1181px\" \/><\/a>\n\t\t\t<\/div><\/figure><figure class='gallery-item'>\n\t\t\t<div class='gallery-icon portrait'>\n\t\t\t\t<a data-elementor-open-lightbox=\"yes\" data-elementor-lightbox-slideshow=\"058cd88\" data-elementor-lightbox-title=\"Cartes-anniversaires-Dino-2\" data-e-action-hash=\"#elementor-action%3Aaction%3Dlightbox%26settings%3DeyJpZCI6MTY0LCJ1cmwiOiJodHRwczpcL1wvd3d3LmNocmlzdGlhbnRlbGxlei5jb21cL3dwLWNvbnRlbnRcL3VwbG9hZHNcLzIwMjVcLzAyXC9DYXJ0ZXMtYW5uaXZlcnNhaXJlcy1EaW5vLTIuanBnIiwic2xpZGVzaG93IjoiMDU4Y2Q4OCJ9\" href='https:\/\/www.christiantellez.com\/wp-content\/uploads\/2025\/02\/Cartes-anniversaires-Dino-2.jpg'><img decoding=\"async\" width=\"1181\" height=\"1771\" src=\"https:\/\/www.christiantellez.com\/wp-content\/uploads\/2025\/02\/Cartes-anniversaires-Dino-2.jpg\" class=\"attachment-full size-full\" alt=\"\" srcset=\"https:\/\/www.christiantellez.com\/wp-content\/uploads\/2025\/02\/Cartes-anniversaires-Dino-2.jpg 1181w, https:\/\/www.christiantellez.com\/wp-content\/uploads\/2025\/02\/Cartes-anniversaires-Dino-2-200x300.jpg 200w, https:\/\/www.christiantellez.com\/wp-content\/uploads\/2025\/02\/Cartes-anniversaires-Dino-2-683x1024.jpg 683w, https:\/\/www.christiantellez.com\/wp-content\/uploads\/2025\/02\/Cartes-anniversaires-Dino-2-768x1152.jpg 768w, https:\/\/www.christiantellez.com\/wp-content\/uploads\/2025\/02\/Cartes-anniversaires-Dino-2-1024x1536.jpg 1024w\" sizes=\"(max-width: 1181px) 100vw, 1181px\" \/><\/a>\n\t\t\t<\/div><\/figure><figure class='gallery-item'>\n\t\t\t<div class='gallery-icon portrait'>\n\t\t\t\t<a data-elementor-open-lightbox=\"yes\" data-elementor-lightbox-slideshow=\"058cd88\" data-elementor-lightbox-title=\"Cartes-anniversaires-Espace-Viseur-1\" data-e-action-hash=\"#elementor-action%3Aaction%3Dlightbox%26settings%3DeyJpZCI6MTY1LCJ1cmwiOiJodHRwczpcL1wvd3d3LmNocmlzdGlhbnRlbGxlei5jb21cL3dwLWNvbnRlbnRcL3VwbG9hZHNcLzIwMjVcLzAyXC9DYXJ0ZXMtYW5uaXZlcnNhaXJlcy1Fc3BhY2UtVmlzZXVyLTEuanBnIiwic2xpZGVzaG93IjoiMDU4Y2Q4OCJ9\" href='https:\/\/www.christiantellez.com\/wp-content\/uploads\/2025\/02\/Cartes-anniversaires-Espace-Viseur-1.jpg'><img decoding=\"async\" width=\"1181\" height=\"1771\" src=\"https:\/\/www.christiantellez.com\/wp-content\/uploads\/2025\/02\/Cartes-anniversaires-Espace-Viseur-1.jpg\" class=\"attachment-full size-full\" alt=\"\" srcset=\"https:\/\/www.christiantellez.com\/wp-content\/uploads\/2025\/02\/Cartes-anniversaires-Espace-Viseur-1.jpg 1181w, https:\/\/www.christiantellez.com\/wp-content\/uploads\/2025\/02\/Cartes-anniversaires-Espace-Viseur-1-200x300.jpg 200w, https:\/\/www.christiantellez.com\/wp-content\/uploads\/2025\/02\/Cartes-anniversaires-Espace-Viseur-1-683x1024.jpg 683w, https:\/\/www.christiantellez.com\/wp-content\/uploads\/2025\/02\/Cartes-anniversaires-Espace-Viseur-1-768x1152.jpg 768w, https:\/\/www.christiantellez.com\/wp-content\/uploads\/2025\/02\/Cartes-anniversaires-Espace-Viseur-1-1024x1536.jpg 1024w\" sizes=\"(max-width: 1181px) 100vw, 1181px\" \/><\/a>\n\t\t\t<\/div><\/figure><figure class='gallery-item'>\n\t\t\t<div class='gallery-icon portrait'>\n\t\t\t\t<a data-elementor-open-lightbox=\"yes\" data-elementor-lightbox-slideshow=\"058cd88\" data-elementor-lightbox-title=\"Cartes-anniversaires-Espace-Viseur-2\" data-e-action-hash=\"#elementor-action%3Aaction%3Dlightbox%26settings%3DeyJpZCI6MTY2LCJ1cmwiOiJodHRwczpcL1wvd3d3LmNocmlzdGlhbnRlbGxlei5jb21cL3dwLWNvbnRlbnRcL3VwbG9hZHNcLzIwMjVcLzAyXC9DYXJ0ZXMtYW5uaXZlcnNhaXJlcy1Fc3BhY2UtVmlzZXVyLTIuanBnIiwic2xpZGVzaG93IjoiMDU4Y2Q4OCJ9\" href='https:\/\/www.christiantellez.com\/wp-content\/uploads\/2025\/02\/Cartes-anniversaires-Espace-Viseur-2.jpg'><img loading=\"lazy\" decoding=\"async\" width=\"1181\" height=\"1771\" src=\"https:\/\/www.christiantellez.com\/wp-content\/uploads\/2025\/02\/Cartes-anniversaires-Espace-Viseur-2.jpg\" class=\"attachment-full size-full\" alt=\"\" srcset=\"https:\/\/www.christiantellez.com\/wp-content\/uploads\/2025\/02\/Cartes-anniversaires-Espace-Viseur-2.jpg 1181w, https:\/\/www.christiantellez.com\/wp-content\/uploads\/2025\/02\/Cartes-anniversaires-Espace-Viseur-2-200x300.jpg 200w, https:\/\/www.christiantellez.com\/wp-content\/uploads\/2025\/02\/Cartes-anniversaires-Espace-Viseur-2-683x1024.jpg 683w, https:\/\/www.christiantellez.com\/wp-content\/uploads\/2025\/02\/Cartes-anniversaires-Espace-Viseur-2-768x1152.jpg 768w, https:\/\/www.christiantellez.com\/wp-content\/uploads\/2025\/02\/Cartes-anniversaires-Espace-Viseur-2-1024x1536.jpg 1024w\" sizes=\"(max-width: 1181px) 100vw, 1181px\" \/><\/a>\n\t\t\t<\/div><\/figure><figure class='gallery-item'>\n\t\t\t<div class='gallery-icon portrait'>\n\t\t\t\t<a data-elementor-open-lightbox=\"yes\" data-elementor-lightbox-slideshow=\"058cd88\" data-elementor-lightbox-title=\"Cartes-anniversaires-Gaby-1\" data-e-action-hash=\"#elementor-action%3Aaction%3Dlightbox%26settings%3DeyJpZCI6MTY3LCJ1cmwiOiJodHRwczpcL1wvd3d3LmNocmlzdGlhbnRlbGxlei5jb21cL3dwLWNvbnRlbnRcL3VwbG9hZHNcLzIwMjVcLzAyXC9DYXJ0ZXMtYW5uaXZlcnNhaXJlcy1HYWJ5LTEuanBnIiwic2xpZGVzaG93IjoiMDU4Y2Q4OCJ9\" href='https:\/\/www.christiantellez.com\/wp-content\/uploads\/2025\/02\/Cartes-anniversaires-Gaby-1.jpg'><img loading=\"lazy\" decoding=\"async\" width=\"1181\" height=\"1771\" src=\"https:\/\/www.christiantellez.com\/wp-content\/uploads\/2025\/02\/Cartes-anniversaires-Gaby-1.jpg\" class=\"attachment-full size-full\" alt=\"\" srcset=\"https:\/\/www.christiantellez.com\/wp-content\/uploads\/2025\/02\/Cartes-anniversaires-Gaby-1.jpg 1181w, https:\/\/www.christiantellez.com\/wp-content\/uploads\/2025\/02\/Cartes-anniversaires-Gaby-1-200x300.jpg 200w, https:\/\/www.christiantellez.com\/wp-content\/uploads\/2025\/02\/Cartes-anniversaires-Gaby-1-683x1024.jpg 683w, https:\/\/www.christiantellez.com\/wp-content\/uploads\/2025\/02\/Cartes-anniversaires-Gaby-1-768x1152.jpg 768w, https:\/\/www.christiantellez.com\/wp-content\/uploads\/2025\/02\/Cartes-anniversaires-Gaby-1-1024x1536.jpg 1024w\" sizes=\"(max-width: 1181px) 100vw, 1181px\" \/><\/a>\n\t\t\t<\/div><\/figure><figure class='gallery-item'>\n\t\t\t<div class='gallery-icon portrait'>\n\t\t\t\t<a data-elementor-open-lightbox=\"yes\" data-elementor-lightbox-slideshow=\"058cd88\" data-elementor-lightbox-title=\"Cartes-anniversaires-Gaby-2\" data-e-action-hash=\"#elementor-action%3Aaction%3Dlightbox%26settings%3DeyJpZCI6MTY4LCJ1cmwiOiJodHRwczpcL1wvd3d3LmNocmlzdGlhbnRlbGxlei5jb21cL3dwLWNvbnRlbnRcL3VwbG9hZHNcLzIwMjVcLzAyXC9DYXJ0ZXMtYW5uaXZlcnNhaXJlcy1HYWJ5LTIuanBnIiwic2xpZGVzaG93IjoiMDU4Y2Q4OCJ9\" href='https:\/\/www.christiantellez.com\/wp-content\/uploads\/2025\/02\/Cartes-anniversaires-Gaby-2.jpg'><img loading=\"lazy\" decoding=\"async\" width=\"1181\" height=\"1771\" src=\"https:\/\/www.christiantellez.com\/wp-content\/uploads\/2025\/02\/Cartes-anniversaires-Gaby-2.jpg\" class=\"attachment-full size-full\" alt=\"\" srcset=\"https:\/\/www.christiantellez.com\/wp-content\/uploads\/2025\/02\/Cartes-anniversaires-Gaby-2.jpg 1181w, https:\/\/www.christiantellez.com\/wp-content\/uploads\/2025\/02\/Cartes-anniversaires-Gaby-2-200x300.jpg 200w, https:\/\/www.christiantellez.com\/wp-content\/uploads\/2025\/02\/Cartes-anniversaires-Gaby-2-683x1024.jpg 683w, https:\/\/www.christiantellez.com\/wp-content\/uploads\/2025\/02\/Cartes-anniversaires-Gaby-2-768x1152.jpg 768w, https:\/\/www.christiantellez.com\/wp-content\/uploads\/2025\/02\/Cartes-anniversaires-Gaby-2-1024x1536.jpg 1024w\" sizes=\"(max-width: 1181px) 100vw, 1181px\" \/><\/a>\n\t\t\t<\/div><\/figure><figure class='gallery-item'>\n\t\t\t<div class='gallery-icon portrait'>\n\t\t\t\t<a data-elementor-open-lightbox=\"yes\" data-elementor-lightbox-slideshow=\"058cd88\" data-elementor-lightbox-title=\"Cartes-anniversaires-Koala-Vecto-1\" data-e-action-hash=\"#elementor-action%3Aaction%3Dlightbox%26settings%3DeyJpZCI6MTY5LCJ1cmwiOiJodHRwczpcL1wvd3d3LmNocmlzdGlhbnRlbGxlei5jb21cL3dwLWNvbnRlbnRcL3VwbG9hZHNcLzIwMjVcLzAyXC9DYXJ0ZXMtYW5uaXZlcnNhaXJlcy1Lb2FsYS1WZWN0by0xLmpwZyIsInNsaWRlc2hvdyI6IjA1OGNkODgifQ%3D%3D\" href='https:\/\/www.christiantellez.com\/wp-content\/uploads\/2025\/02\/Cartes-anniversaires-Koala-Vecto-1.jpg'><img loading=\"lazy\" decoding=\"async\" width=\"1181\" height=\"1771\" src=\"https:\/\/www.christiantellez.com\/wp-content\/uploads\/2025\/02\/Cartes-anniversaires-Koala-Vecto-1.jpg\" class=\"attachment-full size-full\" alt=\"\" srcset=\"https:\/\/www.christiantellez.com\/wp-content\/uploads\/2025\/02\/Cartes-anniversaires-Koala-Vecto-1.jpg 1181w, https:\/\/www.christiantellez.com\/wp-content\/uploads\/2025\/02\/Cartes-anniversaires-Koala-Vecto-1-200x300.jpg 200w, https:\/\/www.christiantellez.com\/wp-content\/uploads\/2025\/02\/Cartes-anniversaires-Koala-Vecto-1-683x1024.jpg 683w, https:\/\/www.christiantellez.com\/wp-content\/uploads\/2025\/02\/Cartes-anniversaires-Koala-Vecto-1-768x1152.jpg 768w, https:\/\/www.christiantellez.com\/wp-content\/uploads\/2025\/02\/Cartes-anniversaires-Koala-Vecto-1-1024x1536.jpg 1024w\" sizes=\"(max-width: 1181px) 100vw, 1181px\" \/><\/a>\n\t\t\t<\/div><\/figure><figure class='gallery-item'>\n\t\t\t<div class='gallery-icon portrait'>\n\t\t\t\t<a data-elementor-open-lightbox=\"yes\" data-elementor-lightbox-slideshow=\"058cd88\" data-elementor-lightbox-title=\"Cartes-anniversaires-Koala-Vecto-2\" data-e-action-hash=\"#elementor-action%3Aaction%3Dlightbox%26settings%3DeyJpZCI6MTcwLCJ1cmwiOiJodHRwczpcL1wvd3d3LmNocmlzdGlhbnRlbGxlei5jb21cL3dwLWNvbnRlbnRcL3VwbG9hZHNcLzIwMjVcLzAyXC9DYXJ0ZXMtYW5uaXZlcnNhaXJlcy1Lb2FsYS1WZWN0by0yLmpwZyIsInNsaWRlc2hvdyI6IjA1OGNkODgifQ%3D%3D\" href='https:\/\/www.christiantellez.com\/wp-content\/uploads\/2025\/02\/Cartes-anniversaires-Koala-Vecto-2.jpg'><img loading=\"lazy\" decoding=\"async\" width=\"1181\" height=\"1771\" src=\"https:\/\/www.christiantellez.com\/wp-content\/uploads\/2025\/02\/Cartes-anniversaires-Koala-Vecto-2.jpg\" class=\"attachment-full size-full\" alt=\"\" srcset=\"https:\/\/www.christiantellez.com\/wp-content\/uploads\/2025\/02\/Cartes-anniversaires-Koala-Vecto-2.jpg 1181w, https:\/\/www.christiantellez.com\/wp-content\/uploads\/2025\/02\/Cartes-anniversaires-Koala-Vecto-2-200x300.jpg 200w, https:\/\/www.christiantellez.com\/wp-content\/uploads\/2025\/02\/Cartes-anniversaires-Koala-Vecto-2-683x1024.jpg 683w, https:\/\/www.christiantellez.com\/wp-content\/uploads\/2025\/02\/Cartes-anniversaires-Koala-Vecto-2-768x1152.jpg 768w, https:\/\/www.christiantellez.com\/wp-content\/uploads\/2025\/02\/Cartes-anniversaires-Koala-Vecto-2-1024x1536.jpg 1024w\" sizes=\"(max-width: 1181px) 100vw, 1181px\" \/><\/a>\n\t\t\t<\/div><\/figure>\n\t\t<\/div>\n\t\t<\/div>\n\t\t\t\t<\/div>\n\t\t\t\t<\/div>\n\t\t\t\t\t<\/div>\n\t\t\t\t<\/div>\n\t\t\t\t<\/div>\n\t\t","protected":false},"excerpt":{"rendered":"<p>Un design graphique unique pour \u00e9merveiller enfants et adultes Passionn\u00e9 par l\u2019univers du jeu de soci\u00e9t\u00e9 et de la papeterie, je con\u00e7ois des visuels uniques<span class=\"more-button\"><a href=\"https:\/\/www.christiantellez.com\/index.php\/graphisme\/\" class=\"more-link\">Continue reading<span class=\"screen-reader-text\">Graphisme<\/span><\/a><\/a><\/p>\n","protected":false},"author":1,"featured_media":0,"parent":0,"menu_order":0,"comment_status":"closed","ping_status":"closed","template":"elementor_header_footer","meta":{"footnotes":""},"class_list":["post-14","page","type-page","status-publish","hentry"],"_links":{"self":[{"href":"https:\/\/www.christiantellez.com\/index.php\/wp-json\/wp\/v2\/pages\/14","targetHints":{"allow":["GET"]}}],"collection":[{"href":"https:\/\/www.christiantellez.com\/index.php\/wp-json\/wp\/v2\/pages"}],"about":[{"href":"https:\/\/www.christiantellez.com\/index.php\/wp-json\/wp\/v2\/types\/page"}],"author":[{"embeddable":true,"href":"https:\/\/www.christiantellez.com\/index.php\/wp-json\/wp\/v2\/users\/1"}],"replies":[{"embeddable":true,"href":"https:\/\/www.christiantellez.com\/index.php\/wp-json\/wp\/v2\/comments?post=14"}],"version-history":[{"count":38,"href":"https:\/\/www.christiantellez.com\/index.php\/wp-json\/wp\/v2\/pages\/14\/revisions"}],"predecessor-version":[{"id":333,"href":"https:\/\/www.christiantellez.com\/index.php\/wp-json\/wp\/v2\/pages\/14\/revisions\/333"}],"wp:attachment":[{"href":"https:\/\/www.christiantellez.com\/index.php\/wp-json\/wp\/v2\/media?parent=14"}],"curies":[{"name":"wp","href":"https:\/\/api.w.org\/{rel}","templated":true}]}}